{"id":84,"date":"2023-01-24T15:34:34","date_gmt":"2023-01-24T15:34:34","guid":{"rendered":"https:\/\/camcap.cl\/segpri\/?page_id=84"},"modified":"2024-01-03T13:54:23","modified_gmt":"2024-01-03T13:54:23","slug":"docentes","status":"publish","type":"page","link":"https:\/\/camcap.cl\/segpri\/docentes\/","title":{"rendered":"Docentes"},"content":{"rendered":"\r\n<h3 class=\"wp-block-heading\">Equipo Docente<\/h3>\r\n\r\n\r\n\r\n<p>El Cuerpo de Profesores, posee una vasta y comprobada experiencia en la actividad de la Seguridad privada y en temas relacionados con esta \u00e1rea, permitiendo con ello, que se entreguen los conocimientos te\u00f3ricos y pr\u00e1cticos necesarios.<\/p>\r\n\r\n\r\n\n<table id=\"tablepress-2\" class=\"tablepress tablepress-id-2\">\n<thead>\n<tr class=\"row-1\">\n\t<th colspan=\"2\" class=\"column-1\"><strong>Docentes<\/strong><\/th>\n<\/tr>\n<\/thead>\n<tbody class=\"row-striping row-hover\">\n<tr class=\"row-2\">\n\t<td class=\"column-1\"><img decoding=\"async\" src=\"https:\/\/camcap.cl\/segpri\/wp-content\/uploads\/2023\/01\/image005-e1674513617920.jpg\" alt=\"docente\" width=\"150\" height=\"auto\"\/><\/td><td class=\"column-2\"><span style=\"color:#111111;\"><b>Rodrigo Lagos Greve.<\/b> Abogado, Oficial de Ej\u00e9rcito (J) \u00ae, Mag\u00edster en Derecho Procesal Penal y An\u00e1lisis Pericial Forense, Mag\u00edster en Criminolog\u00eda, Diplomado en la Reforma Procesal Penal, Diplomado en Ciencias Militares, Diplomado en Docencia Universitaria, Docente Educaci\u00f3n Superior, impartir\u00e1 el m\u00f3dulo de Aplicaci\u00f3n de la Legislaci\u00f3n en la Seguridad Privada<\/span><\/td>\n<\/tr>\n<tr class=\"row-3\">\n\t<td class=\"column-1\"><img decoding=\"async\" src=\"https:\/\/camcap.cl\/segpri\/wp-content\/uploads\/2023\/01\/vavellaira-e1674520133289.jpg\" alt=\"docente\" width=\"150\" height=\"auto\"\/><\/td><td class=\"column-2\"><b>Victor Avellaira Torres.<\/b> Prefecto \u00ae Policia de Investigaciones de Chile; Ingeniero en Prevenci\u00f3n de Riesgos; Licenciado en Investigaci\u00f3n Criminalistica; Asesor y Capacitador en Seguridad Privada; Profesor Institucional PDI; Asesor Criminalistico en Medios de Comunicaci\u00f3n; Asesor Experto en Emergencia y Operaciones Poiciales; Diplomado en Seguridad Privada Integral; Diplomado en Actualizaci\u00f3n Pedagogica; Experto en Emergencia y Bioterrorismo; Docente con amplia experiencia; impartira el m\u00f3dulo de Seguridad Privada-P\u00fablica y Ciudadana<\/td>\n<\/tr>\n<tr class=\"row-4\">\n\t<td class=\"column-1\"><img decoding=\"async\" src=\"https:\/\/camcap.cl\/segpri\/wp-content\/uploads\/2023\/01\/image014-e1674513489802.jpg\" alt=\"docente\" width=\"150\" height=\"auto\"\/><\/td><td class=\"column-2\"><span style=\"color:#111111;\"><b>Cristian G\u00e1lvez Vergara.<\/b> Capit\u00e1n de Nav\u00edo \u00ae Armada de Chile, Ingeniero de Ejecuci\u00f3n en Administraci\u00f3n Mar\u00edtima y especialista en Telecomunicaciones Mar\u00edtimas de la Academia Polit\u00e9cnica Naval, Master of Sciences in Maritime Affairs (Maritime Administration), World Maritime University, Malm\u00f6-Suecia. MBA con especializaci\u00f3n en Recursos Humanos, Universidad Latina de Panam\u00e1, Diplomado en Alta Direcci\u00f3n, Academia de Guerra Naval, Docente Educaci\u00f3n Superior; Impartir\u00e1 el m\u00f3dulo \u00abAplicaci\u00f3n de los Sistemas Tecnol\u00f3gicos en la Seguridad\u00bb.<\/span><\/td>\n<\/tr>\n<tr class=\"row-5\">\n\t<td class=\"column-1\"><img decoding=\"async\" src=\"https:\/\/camcap.cl\/segpri\/wp-content\/uploads\/2023\/01\/image018-e1674513465298.gif\" alt=\"docente\" width=\"150\" height=\"auto\"\/><\/td><td class=\"column-2\"><span style=\"color:#111111;\"><b>Ram\u00f3n Chieyssal Pe\u00f1a;<\/b> Prefecto \u00ae de la Polic\u00eda de Investigaciones de Chile, Licenciado en Investigaci\u00f3n Criminal, Diplomados en \u201cAlta Direcci\u00f3n Estrat\u00e9gica y Gobierno Electr\u00f3nico\u201d; en \u201cResoluci\u00f3n y Manejo de Conflictos, Herramientas de Negociaci\u00f3n y Mediaci\u00f3n\u201d; en \u201cAlta Direcci\u00f3n y Gesti\u00f3n Institucional\u201d, docente en Cecapro y curso de perfeccionamiento para fiscales, Docente Educaci\u00f3n Superior, Jefe Seguridad en los Mall Plaza Vespucio, Plaza Ega\u00f1a, Asesor en Seguridad en la I. Municipalidad de Bu\u00edn; Jefe Seguridad Outlet Buenaventura; impartir\u00e1 el m\u00f3dulo de Seguridad Operativa en Retails<\/span><\/td>\n<\/tr>\n<tr class=\"row-6\">\n\t<td class=\"column-1\"><img decoding=\"async\" src=\"https:\/\/camcap.cl\/segpri\/wp-content\/uploads\/2023\/01\/image001-e1674513652435.jpg\" alt=\"docente\" width=\"150\" height=\"auto\"\/><\/td><td class=\"column-2\"><span style=\"color:#111111;\"><b>Juan Retamales Pardo,<\/b> Oficial Policial \u00ae PDI, Oficial OPIP- Directemar, profesor Instructor Universidad del Mar, Asesor Criminal\u00edstico, Diplomado en Gesti\u00f3n de Seguridad Privada, Asesor en Seguridad Privada Mar\u00edtimo-Portuaria, Capacitador en materias de Seguridad Privada, Docente Educaci\u00f3n Superior, Coordinador Acad\u00e9mico Diplomado en Seguridad; impartir\u00e1 el m\u00f3dulo de Nociones de Criminolog\u00eda y Trabajo del Sitio del Suceso<\/span><\/td>\n<\/tr>\n<tr class=\"row-7\">\n\t<td class=\"column-1\"><img decoding=\"async\" src=\"https:\/\/camcap.cl\/segpri\/wp-content\/uploads\/2023\/01\/image019-1-e1674514885388.jpg\" alt=\"docente\" width=\"150\" height=\"auto\"\/><\/td><td class=\"column-2\"><span style=\"color:#111111;\"><b>Guido Sep\u00falveda Aguilar,<\/b> Coronel de Carabineros de Chile \u00ae, Oficial Graduado en Ciencias Policiales, Diplomado en Litigaci\u00f3n Oral y Reforma Procesal, realizado en la Universidad de Talca, Diplomado en Gesti\u00f3n de Seguridad realizado en la Universidad del Mar, Asesor de Seguridad, Capacitador en materias de Seguridad, Asesor de Seguridad y Capacitador Mar\u00edtimo Portuario, panelista estable en temas de seguridad en el Canal Quinta Visi\u00f3n de la Regi\u00f3n de Valpara\u00edso, Gerente de Operaciones Empresa Trasladado de Valores; impartir\u00e1 el m\u00f3dulo de Administraci\u00f3n y Gesti\u00f3n en Seguridad Privada.<\/span><\/td>\n<\/tr>\n<tr class=\"row-8\">\n\t<td class=\"column-1\"><img decoding=\"async\" src=\"https:\/\/camcap.cl\/segpri\/wp-content\/uploads\/2024\/07\/Nestor_Arias-scaled.jpg\" alt=\"docente\" width=\"150\" height=\"auto\"\/><\/td><td class=\"column-2\"><span style=\"color:#111111;\"><b>Gabriela Castillo Cuneo.<\/b> Psic\u00f3loga, Magister en Psicolog\u00eda Cl\u00ednica Menci\u00f3n Infanto Juvenil, Diplomado en Psicolog\u00eda Cl\u00ednica \u201cTrauma y vinculo\u201d, Diplomado de Intervenci\u00f3n Psicosociales en Crisis , Emergencia y Desastres, Diplomado en Capital Humano y Gesti\u00f3n por Competencias Laborales, , Especialista en \u00e1mbito organizacional y RR.HH. , se desempe\u00f1a en Direcci\u00f3n del Personal de la Armada de Chile, Experiencia en situaciones de estr\u00e9s e intervenci\u00f3n en crisis, Integrante del equipo de Desarrollo Organizacional \u00c1mbito RR. HH Armada de Chile, Docente Educaci\u00f3n Superior; impartir\u00e1 el m\u00f3dulo Manejo de Crisis en Situaci\u00f3n de Emergencia.<\/span><\/td>\n<\/tr>\n<tr class=\"row-9\">\n\t<td class=\"column-1\"><img decoding=\"async\" src=\"https:\/\/camcap.cl\/segpri\/wp-content\/uploads\/2024\/03\/Hector-Sandoval-Zamora.jpeg\" alt=\"docente\" width=\"150\" height=\"auto\"\/><\/td><td class=\"column-2\"><span style=\"color:#111111;\"><b>Hector Sandoval Zamora.<\/b> Profesional de gesti\u00f3n en prevenci\u00f3n de riesgos, gesti\u00f3n de administraci\u00f3n y control normativo, seguridad humana y tecnol\u00f3gica, que se traduce en dar continuidad a las operaciones empresariales, institucionales y log\u00edsticas.<br \/>\nCon una formaci\u00f3n profesional de pre y post grado, iniciada en Carabineros de Chile y en diferentes<br \/>\ncasas de estudios, basadas en administraci\u00f3n, control y planificaci\u00f3n, como tambi\u00e9n de seguridad<br \/>\np\u00fablica y privada, adem\u00e1s en inteligencia policial territorial y estrat\u00e9gica, liderando grupos de<br \/>\ntrabajos, operativos, de an\u00e1lisis y estrategias, en diferentes niveles de gesti\u00f3n.<\/span><\/td>\n<\/tr>\n<tr class=\"row-10\">\n\t<td class=\"column-1\"><img decoding=\"async\" src=\"https:\/\/camcap.cl\/segpri\/wp-content\/uploads\/2023\/01\/image022-e1674513414186.jpg\" alt=\"docente\" width=\"150\" height=\"auto\"\/><\/td><td class=\"column-2\"><span style=\"color:#111111;\"><b>Franklin Castillo D\u00edaz<\/b> Capit\u00e1n de Corbeta LT (r). Ingeniero de Ejecuci\u00f3n en Administraci\u00f3n Mar\u00edtima, Ingeniero en Prevenci\u00f3n de Riesgos. Mag\u00edster en Administraci\u00f3n Mar\u00edtima Portuaria, Diplomado en Transporte Mar\u00edtimo, Jefe de Protecci\u00f3n Industrial de Empresa Portuaria de Valpara\u00edso, Docente Educaci\u00f3n Superior, Docente acreditado Curso OPIP OMI 3.21; Impartir\u00e1 los m\u00f3dulos Seguridad Mar\u00edtima Portuaria Integral con Menci\u00f3n en Transporte y Almacenamiento en Mercanc\u00edas Peligrosas; y el Curso Oficial OPIP OMI 3.21<\/span><\/td>\n<\/tr>\n<tr class=\"row-11\">\n\t<td class=\"column-1\"><img decoding=\"async\" src=\"https:\/\/camcap.cl\/segpri\/wp-content\/uploads\/2023\/01\/lrobles-e1674512285131.jpg\" alt=\"docente\" width=\"150\" height=\"auto\"\/><\/td><td class=\"column-2\"><span style=\"color:#111111;\"><b>Leonardo Robles Villalobos.<\/b> Administrador de Aeropuertos \u2013 DGAC, Capit\u00e1n de Bandada \u00ae Fuerza A\u00e9rea de Chile, Oficial OPIP Directemar, Mag\u00edster en Gerencia y Pol\u00edticas P\u00fablicas U. Adolfo Iba\u00f1ez, Diplomado en Control de Gesti\u00f3n Gerencial U. Chile, Curso Programa de Seguridad Operacional del Estado \u2013SSP- DGAC, Curso en Sistema de Gesti\u00f3n de la Seguridad Operacional-SMS- DGAC, Docente Educaci\u00f3n Superior, impartir\u00e1 el m\u00f3dulo de Normativa y Operaci\u00f3n de la Seguridad en la Aeron\u00e1utica.<\/span><\/td>\n<\/tr>\n<tr class=\"row-12\">\n\t<td class=\"column-1\"><img decoding=\"async\" src=\"https:\/\/camcap.cl\/segpri\/wp-content\/uploads\/2023\/01\/Albistur-e1674513701673.jpg\" alt=\"docente\" width=\"150\" height=\"auto\"\/><\/td><td class=\"column-2\"><span style=\"color:#111111;\"><b>Juan Carlos Albistur Reyes. <\/b>Ingeniero Comercial, funcionario bancario con amplia experiencia, Mag\u00edster en Finanzas e Inversiones de la Universidad Diego Portales, Diplomado en Gesti\u00f3n y Estrategia Tributaria Nacional de la Pontificia Universidad Cat\u00f3lica de Valpara\u00edso; docente con amplia experiencia, impartir\u00e1 el m\u00f3dulo Riesgo y Seguridad en Operaciones Financieras<\/span><\/td>\n<\/tr>\n<tr class=\"row-13\">\n\t<td class=\"column-1\"><img decoding=\"async\" src=\"https:\/\/camcap.cl\/segpri\/wp-content\/uploads\/2023\/01\/esna_concha_armijo.jpg\" alt=\"docente\" width=\"150\" height=\"auto\"\/><\/td><td class=\"column-2\"><span style=\"color:#111111;\"><b>Esna Concha Armijo.<\/b> Asistente Social, licenciada en Trabajo Social de la Universidad de Valpara\u00edso. Especializada en Gerencia Social, Transparencia y Probidad, y Magister en Pol\u00edticas P\u00fablicas menci\u00f3n Econom\u00eda, de la Universidad del Desarrollo. Encargada Regional de Prestaciones Monetarias y Programas Sociales del Ministerio de Desarrollo Social y Familia, regi\u00f3n de Valpara\u00edso, Asistente T\u00e9cnico Especializado del Banco Mundial en Chile, docente en Educaci\u00f3n Superior de Educaci\u00f3n continua; impartir\u00e1 el m\u00f3dulo Elaboraci\u00f3n y Formulaci\u00f3n de Proyectos.<\/span><\/td>\n<\/tr>\n<\/tbody>\n<\/table>\n<!-- #tablepress-2 from cache -->","protected":false},"excerpt":{"rendered":"<p>Equipo Docente El Cuerpo de Profesores, posee una vasta y comprobada experiencia en la actividad de la Seguridad privada y en temas relacionados con esta \u00e1rea, permitiendo con ello, que [&hellip;]<\/p>\n","protected":false},"author":1,"featured_media":0,"parent":0,"menu_order":0,"comment_status":"closed","ping_status":"closed","template":"","meta":{"_acf_changed":false,"footnotes":""},"class_list":["post-84","page","type-page","status-publish","hentry"],"acf":[],"yoast_head":"<!-- This site is optimized with the Yoast SEO plugin v25.4 - https:\/\/yoast.com\/wordpress\/plugins\/seo\/ -->\n<title>Docentes - Camcap Segpri Diplomado de Seguridad Privada<\/title>\n<meta name=\"robots\" content=\"index, follow, max-snippet:-1, max-image-preview:large, max-video-preview:-1\" \/>\n<link rel=\"canonical\" href=\"https:\/\/camcap.cl\/segpri\/docentes\/\" \/>\n<meta property=\"og:locale\" content=\"es_ES\" \/>\n<meta property=\"og:type\" content=\"article\" \/>\n<meta property=\"og:title\" content=\"Docentes - Camcap Segpri Diplomado de Seguridad Privada\" \/>\n<meta property=\"og:description\" content=\"Equipo Docente El Cuerpo de Profesores, posee una vasta y comprobada experiencia en la actividad de la Seguridad privada y en temas relacionados con esta \u00e1rea, permitiendo con ello, que [&hellip;]\" \/>\n<meta property=\"og:url\" content=\"https:\/\/camcap.cl\/segpri\/docentes\/\" \/>\n<meta property=\"og:site_name\" content=\"Camcap Segpri Diplomado de Seguridad Privada\" \/>\n<meta property=\"article:modified_time\" content=\"2024-01-03T13:54:23+00:00\" \/>\n<meta name=\"twitter:card\" content=\"summary_large_image\" \/>\n<meta name=\"twitter:label1\" content=\"Tiempo de lectura\" \/>\n\t<meta name=\"twitter:data1\" content=\"1 minuto\" \/>\n<script type=\"application\/ld+json\" class=\"yoast-schema-graph\">{\"@context\":\"https:\/\/schema.org\",\"@graph\":[{\"@type\":\"WebPage\",\"@id\":\"https:\/\/camcap.cl\/segpri\/docentes\/\",\"url\":\"https:\/\/camcap.cl\/segpri\/docentes\/\",\"name\":\"Docentes - Camcap Segpri Diplomado de Seguridad Privada\",\"isPartOf\":{\"@id\":\"https:\/\/camcap.cl\/segpri\/#website\"},\"datePublished\":\"2023-01-24T15:34:34+00:00\",\"dateModified\":\"2024-01-03T13:54:23+00:00\",\"breadcrumb\":{\"@id\":\"https:\/\/camcap.cl\/segpri\/docentes\/#breadcrumb\"},\"inLanguage\":\"es\",\"potentialAction\":[{\"@type\":\"ReadAction\",\"target\":[\"https:\/\/camcap.cl\/segpri\/docentes\/\"]}]},{\"@type\":\"BreadcrumbList\",\"@id\":\"https:\/\/camcap.cl\/segpri\/docentes\/#breadcrumb\",\"itemListElement\":[{\"@type\":\"ListItem\",\"position\":1,\"name\":\"Home\",\"item\":\"https:\/\/camcap.cl\/segpri\/\"},{\"@type\":\"ListItem\",\"position\":2,\"name\":\"Docentes\"}]},{\"@type\":\"WebSite\",\"@id\":\"https:\/\/camcap.cl\/segpri\/#website\",\"url\":\"https:\/\/camcap.cl\/segpri\/\",\"name\":\"Camcap Segpri Diplomado de Seguridad Privada\",\"description\":\"Ofrecemos Diplomado de Seguridad Privada con Doble Certificaci\u00f3n\",\"potentialAction\":[{\"@type\":\"SearchAction\",\"target\":{\"@type\":\"EntryPoint\",\"urlTemplate\":\"https:\/\/camcap.cl\/segpri\/?s={search_term_string}\"},\"query-input\":{\"@type\":\"PropertyValueSpecification\",\"valueRequired\":true,\"valueName\":\"search_term_string\"}}],\"inLanguage\":\"es\"}]}<\/script>\n<!-- \/ Yoast SEO plugin. -->","yoast_head_json":{"title":"Docentes - Camcap Segpri Diplomado de Seguridad Privada","robots":{"index":"index","follow":"follow","max-snippet":"max-snippet:-1","max-image-preview":"max-image-preview:large","max-video-preview":"max-video-preview:-1"},"canonical":"https:\/\/camcap.cl\/segpri\/docentes\/","og_locale":"es_ES","og_type":"article","og_title":"Docentes - Camcap Segpri Diplomado de Seguridad Privada","og_description":"Equipo Docente El Cuerpo de Profesores, posee una vasta y comprobada experiencia en la actividad de la Seguridad privada y en temas relacionados con esta \u00e1rea, permitiendo con ello, que [&hellip;]","og_url":"https:\/\/camcap.cl\/segpri\/docentes\/","og_site_name":"Camcap Segpri Diplomado de Seguridad Privada","article_modified_time":"2024-01-03T13:54:23+00:00","twitter_card":"summary_large_image","twitter_misc":{"Tiempo de lectura":"1 minuto"},"schema":{"@context":"https:\/\/schema.org","@graph":[{"@type":"WebPage","@id":"https:\/\/camcap.cl\/segpri\/docentes\/","url":"https:\/\/camcap.cl\/segpri\/docentes\/","name":"Docentes - Camcap Segpri Diplomado de Seguridad Privada","isPartOf":{"@id":"https:\/\/camcap.cl\/segpri\/#website"},"datePublished":"2023-01-24T15:34:34+00:00","dateModified":"2024-01-03T13:54:23+00:00","breadcrumb":{"@id":"https:\/\/camcap.cl\/segpri\/docentes\/#breadcrumb"},"inLanguage":"es","potentialAction":[{"@type":"ReadAction","target":["https:\/\/camcap.cl\/segpri\/docentes\/"]}]},{"@type":"BreadcrumbList","@id":"https:\/\/camcap.cl\/segpri\/docentes\/#breadcrumb","itemListElement":[{"@type":"ListItem","position":1,"name":"Home","item":"https:\/\/camcap.cl\/segpri\/"},{"@type":"ListItem","position":2,"name":"Docentes"}]},{"@type":"WebSite","@id":"https:\/\/camcap.cl\/segpri\/#website","url":"https:\/\/camcap.cl\/segpri\/","name":"Camcap Segpri Diplomado de Seguridad Privada","description":"Ofrecemos Diplomado de Seguridad Privada con Doble Certificaci\u00f3n","potentialAction":[{"@type":"SearchAction","target":{"@type":"EntryPoint","urlTemplate":"https:\/\/camcap.cl\/segpri\/?s={search_term_string}"},"query-input":{"@type":"PropertyValueSpecification","valueRequired":true,"valueName":"search_term_string"}}],"inLanguage":"es"}]}},"_links":{"self":[{"href":"https:\/\/camcap.cl\/segpri\/wp-json\/wp\/v2\/pages\/84","targetHints":{"allow":["GET"]}}],"collection":[{"href":"https:\/\/camcap.cl\/segpri\/wp-json\/wp\/v2\/pages"}],"about":[{"href":"https:\/\/camcap.cl\/segpri\/wp-json\/wp\/v2\/types\/page"}],"author":[{"embeddable":true,"href":"https:\/\/camcap.cl\/segpri\/wp-json\/wp\/v2\/users\/1"}],"replies":[{"embeddable":true,"href":"https:\/\/camcap.cl\/segpri\/wp-json\/wp\/v2\/comments?post=84"}],"version-history":[{"count":8,"href":"https:\/\/camcap.cl\/segpri\/wp-json\/wp\/v2\/pages\/84\/revisions"}],"predecessor-version":[{"id":428,"href":"https:\/\/camcap.cl\/segpri\/wp-json\/wp\/v2\/pages\/84\/revisions\/428"}],"wp:attachment":[{"href":"https:\/\/camcap.cl\/segpri\/wp-json\/wp\/v2\/media?parent=84"}],"curies":[{"name":"wp","href":"https:\/\/api.w.org\/{rel}","templated":true}]}}