{"id":173,"date":"2023-02-03T21:03:11","date_gmt":"2023-02-03T21:03:11","guid":{"rendered":"https:\/\/camcap.cl\/segpri\/?page_id=173"},"modified":"2023-02-03T21:04:04","modified_gmt":"2023-02-03T21:04:04","slug":"perfil-del-egresado","status":"publish","type":"page","link":"https:\/\/camcap.cl\/segpri\/perfil-del-egresado\/","title":{"rendered":"Perfil del Egresado"},"content":{"rendered":"<h2>Diplomado en Seguridad Privada Integral<\/h2>\n\n<h2 class=\"wp-block-heading\">Orientaci\u00f3n al egresado (Perfil de egreso)<\/h2>\n \n\nAquellos alumnos que egresen de este programa, deber\u00e1n concurrir personalmente a la Autoridad Fiscalizadora y presentar la documentaci\u00f3n respectiva, para poder acceder a certificarse en los diferentes componentes de la Seguridad Privada.\n\n \n\n<strong>COMPONENTES DE LA SEGURIDAD PRIVADA.<\/strong>\n\n <div id=\"pl-gb173-69dff3b015d24\"  class=\"panel-layout\" ><div id=\"pg-gb173-69dff3b015d24-0\"  class=\"panel-grid panel-no-style\" ><div id=\"pgc-gb173-69dff3b015d24-0-0\"  class=\"panel-grid-cell\" ><div id=\"panel-gb173-69dff3b015d24-0-0-0\" class=\"so-panel widget widget_black-studio-tinymce widget_black_studio_tinymce panel-first-child\" data-index=\"0\" ><div class=\"textwidget\"><p><div class=\"su-spoiler su-spoiler-style-simple su-spoiler-icon-arrow su-spoiler-closed\" data-scroll-offset=\"0\" data-anchor-in-url=\"no\"><div class=\"su-spoiler-title\" tabindex=\"0\" role=\"button\"><span class=\"su-spoiler-icon\"><\/span>ASESOR DE SEGURIDAD (Normas Legales: Art.5\u00b0 Bis, D.L. 3.607, Art. 2\u00b0, D.S. 93)<\/div><div class=\"su-spoiler-content su-u-clearfix su-u-trim\"><\/p>\n<h3>Vigencia Acreditaci\u00f3n: 2 a\u00f1os<\/h3>\n<p>Es la persona natural que ejerce labores de asesor\u00eda en materias inherentes a Seguridad Privada. Requisitos: Poseer Idoneidad C\u00edvica, Moral y Profesional. Demostraci\u00f3n: Para acreditar los requisitos se\u00f1alados se debe presentar una solicitud indicando los motivos que justifican la petici\u00f3n, debiendo adjuntar los siguientes antecedentes (Art. 6\u00b0 D.S.93):<\/p>\n<ol>\n<li>Idoneidad C\u00edvica: &#8211; Certificado de Antecedentes para fines especiales.<\/li>\n<li>Idoneidad Moral: &#8211; Certificado de Antecedentes Comerciales.<\/li>\n<li>Idoneidad Profesional: &#8211; Acreditar t\u00edtulo o grado acad\u00e9mico otorgado por un establecimiento superior reconocido por el Estado y, adem\u00e1s, antecedentes acad\u00e9micos superiores a 400 horas en materias propias de Seguridad Privada.<\/li>\n<li>Otros: &#8211; Copia C\u00e9dula de Identidad por ambas caras. &#8211; Curriculum Vitae con fotograf\u00eda. &#8211; Copia de la Declaraci\u00f3n de Inicio de actividades ante el SII, en materias inherentes a Seguridad &#8211; Certificaci\u00f3n: La certificaci\u00f3n de la calidad de Asesor, ser\u00e1 entregada por la Autoridad Fiscalizadora, a trav\u00e9s de una Credencial. &#8211; Renovaci\u00f3n: El Asesor deber\u00e1 renovar ficaci\u00f3n de vigencia cada dos a\u00f1os.<\/div><\/div><\/li>\n<\/ol>\n<\/div><\/div><div id=\"panel-gb173-69dff3b015d24-0-0-1\" class=\"so-panel widget widget_black-studio-tinymce widget_black_studio_tinymce\" data-index=\"1\" ><div class=\"textwidget\"><p><div class=\"su-spoiler su-spoiler-style-simple su-spoiler-icon-arrow su-spoiler-closed\" data-scroll-offset=\"0\" data-anchor-in-url=\"no\"><div class=\"su-spoiler-title\" tabindex=\"0\" role=\"button\"><span class=\"su-spoiler-icon\"><\/span>JEFE DE SEGURIDAD. (Normas Legales: Art.3\u00b0 D.L.3607, de 1981, Art.2\u00b0 D.E. 1.122, de 1998, se\u00f1ala sus requisitos y Art. 11 D.S. 1773, de 1984)<\/div><div class=\"su-spoiler-content su-u-clearfix su-u-trim\"><\/p>\n<h3>Vigencia Acreditaci\u00f3n: 2 a\u00f1os.<\/h3>\n<p>Es la persona que conoce y domina materias inherentes a seguridad privada, cuya funci\u00f3n es gestionarla y administrarla.<\/p>\n<p><strong>Requisitos:<\/strong> Poseer Idoneidad C\u00edvica, Moral y Profesional.<\/p>\n<p><strong>Demostraci\u00f3n:<\/strong> Para acreditar los requisitos se\u00f1alados la entidad empleadora, deber\u00e1 presentar ante la Autoridad Fiscalizadora, una solicitud indicando los motivos que justifican la petici\u00f3n, acompa\u00f1ando adem\u00e1s los antecedentes de la persona propuesta para el cargo, conforme a lo siguiente:<\/p>\n<p><strong>Idoneidad C\u00edvica:<\/strong> C\u00e9dula de Identidad por ambas caras. Certificado de Antecedentes para fines especiales. Certificado de Situaci\u00f3n Militar al d\u00eda, o Certificado de ser funcionario en retiro de las Fuerzas Armadas, de Carabineros de Chile, de la Polic\u00eda de Investigaciones o Gendarmer\u00eda.<\/p>\n<p><strong>Idoneidad Moral:<\/strong> Certificado de Antecedentes Comerciales.<\/p>\n<p><strong>Idoneidad Profesional:<\/strong> Curiculum Vitae y Acreditar antecedentes acad\u00e9micos en materias de Seguridad Privada<\/div><\/div><\/p>\n<\/div><\/div><div id=\"panel-gb173-69dff3b015d24-0-0-2\" class=\"so-panel widget widget_black-studio-tinymce widget_black_studio_tinymce\" data-index=\"2\" ><div class=\"textwidget\"><p><div class=\"su-spoiler su-spoiler-style-simple su-spoiler-icon-arrow su-spoiler-closed\" data-scroll-offset=\"0\" data-anchor-in-url=\"no\"><div class=\"su-spoiler-title\" tabindex=\"0\" role=\"button\"><span class=\"su-spoiler-icon\"><\/span>CAPACITADOR (Normas Legales: Art. 5\u00b0 bis D.L. 3.607, Art 1 D.S.93). Vigencia Acreditaci\u00f3n: 2 a\u00f1os.<\/div><div class=\"su-spoiler-content su-u-clearfix su-u-trim\"><\/p>\n<p>Es aquella persona que instruye y perfecciona a los agentes del Sistema de Seguridad Privada, (Vigilantes Privados y Guardias de Seguridad), en aspectos pr\u00e1cticos y te\u00f3ricos de su especialidad. La autorizaci\u00f3n otorgada, lo acredita para desarrollar su actividad por un per\u00edodo de dos a\u00f1os renovables.<\/p>\n<p><strong>Requisito:<\/strong> &#8211; Poseer Idoneidad C\u00edvica, Moral y Profesional.<\/p>\n<p>Demostraci\u00f3n: Para acreditar los requisitos se\u00f1alados se debe presentar una solicitud indicando los motivos que justifican la petici\u00f3n, debiendo adjuntar los siguientes antecedentes ( Art. 6\u00b0 D.S.93):<\/p>\n<ol>\n<li>Idoneidad C\u00edvica &#8211; Certificado de Antecedentes para fines especiales.<\/li>\n<li>Idoneidad Moral: &#8211; Certificado de Antecedentes Comerciales.<\/li>\n<li>Idoneidad Profesional: &#8211; Acreditar ante la Autoridad Fiscalizadora, antecedentes acad\u00e9micos, o experiencia y conocimientos calificados.<\/li>\n<li>Otros: &#8211; Copia C\u00e9dula de Identidad por ambas caras. &#8211; Curriculum Vitae con fotograf\u00eda. &#8211; Copia de la declaraci\u00f3n de inicio de actividades ante el materias inherentes a Seguridad Privada. Requisitos para Capacitadores por \u00e1rea<\/div><\/div><\/li>\n<\/ol>\n<\/div><\/div><div id=\"panel-gb173-69dff3b015d24-0-0-3\" class=\"so-panel widget widget_black-studio-tinymce widget_black_studio_tinymce\" data-index=\"3\" ><div class=\"textwidget\"><p><div class=\"su-spoiler su-spoiler-style-simple su-spoiler-icon-arrow su-spoiler-closed\" data-scroll-offset=\"0\" data-anchor-in-url=\"no\"><div class=\"su-spoiler-title\" tabindex=\"0\" role=\"button\"><span class=\"su-spoiler-icon\"><\/span>ENCARGADO DE SEGURIDAD (Normas Legales: Art. 3 D.E. 1.122)<\/div><div class=\"su-spoiler-content su-u-clearfix su-u-trim\"><\/p>\n<h3>Vigencia Acreditaci\u00f3n: 2 a\u00f1os.<\/h3>\n<p>Persona designada por la empresa, en cada oficina, agencia o sucursal de la misma, encargada de coordinar con el respectivo Jefe de Seguridad, con la Autoridad Fiscalizadora y con las instituciones policiales, el cumplimiento de las Medidas de Seguridad contenidas en el Estudio y Plan de Seguridad de su instalaci\u00f3n.<\/p>\n<p><strong>Demostraci\u00f3n: <\/strong><\/p>\n<ol>\n<li>&#8211; Solicitud simple por parte de la entidad empleadora.<\/li>\n<li>&#8211; Fotocopia C\u00e9dula de Identidad, ambas caras.<\/li>\n<\/ol>\n<p>La Autoridad Fiscalizadora proceder\u00e1 a otorgar una Certificaci\u00f3n como Encargado de Seguridad. Posteriormente tramitar\u00e1 la Tarjeta de Identificaci\u00f3n que lo acredite en el cargo. La Certificaci\u00f3n otorgada, lo acredita para desarrollar su actividad en cualquiera de las instalaciones que la entidad lo designe, siempre y cuando siga manteniendo este cargo, quedando por lo tanto supeditado su reconocimiento a la sola presentaci\u00f3n que realice la entidad ante la Autoridad Fiscalizadora, por un perodo de dos a\u00f1os renovable.<\/div><\/div><\/p>\n<\/div><\/div><div id=\"panel-gb173-69dff3b015d24-0-0-4\" class=\"so-panel widget widget_black-studio-tinymce widget_black_studio_tinymce\" data-index=\"4\" ><div class=\"textwidget\"><p><div class=\"su-spoiler su-spoiler-style-simple su-spoiler-icon-arrow su-spoiler-closed\" data-scroll-offset=\"0\" data-anchor-in-url=\"no\"><div class=\"su-spoiler-title\" tabindex=\"0\" role=\"button\"><span class=\"su-spoiler-icon\"><\/span>SUPERVISOR. (Normas Legales: Art. 5 b\u00eds D.L. 3607)<\/div><div class=\"su-spoiler-content su-u-clearfix su-u-trim\"><\/p>\n<h3>Vigencia Acreditaci\u00f3n: 2 a\u00f1os<\/h3>\n<p>Son personas naturales que efect\u00faan labores de supervisi\u00f3n y control de personas, elementos y equipos de \u00abSeguridad Privada\u00bb al interior de una entidad, conforme a los procedimientos dise\u00f1ados por \u00e9stas.<\/p>\n<p><strong>Requisitos: <\/strong><\/p>\n<p>&#8211; Poseer Idoneidad C\u00edvica, Moral y Profesional.<\/p>\n<p><strong>Demostraci\u00f3n:<\/strong> Para acreditar los requisitos se\u00f1alados la entidad empleadora deber\u00e1 presentar ante la Autoridad Fiscalizadora, una solicitud indicando los motivos que justifican la petici\u00f3n, acompa\u00f1ando adem\u00e1s los antecedentes de la persona propuesta para el cargo:<\/p>\n<ol>\n<li>Idoneidad C\u00edvica: &#8211; Copia C\u00e9dula de Identidad ambas caras. &#8211; Certificado de Antecedentes para fines especiales. &#8211; Certificado de Situaci\u00f3n Militar al d\u00eda, o Certificado de ser funcionario en retiro de las Fuerzas Armadas, de Carabineros de Chile, de la Polic\u00eda de Investigaciones o Gendarmer\u00eda.<\/li>\n<li>Idoneidad Moral: &#8211; Certificado de Antecedentes Comerciales.<\/li>\n<li>Idoneidad Profesional: &#8211; Curso de formaci\u00f3n para Vigilantes Privados. &#8211; Acreditar antecedentes acad\u00e9micos en materias de Seguridad Privada propios a la labor de supervisi&amp; y control a desarrollar.<\/div><\/div><\/li>\n<\/ol>\n<\/div><\/div><div id=\"panel-gb173-69dff3b015d24-0-0-5\" class=\"so-panel widget widget_black-studio-tinymce widget_black_studio_tinymce\" data-index=\"5\" ><div class=\"textwidget\"><p><div class=\"su-spoiler su-spoiler-style-simple su-spoiler-icon-arrow su-spoiler-closed\" data-scroll-offset=\"0\" data-anchor-in-url=\"no\"><div class=\"su-spoiler-title\" tabindex=\"0\" role=\"button\"><span class=\"su-spoiler-icon\"><\/span>T\u00c9CNICO. (Normas Legales: Art. 3 D.S.93)<\/div><div class=\"su-spoiler-content su-u-clearfix su-u-trim\"><\/p>\n<h3>Vigencia Acreditaci\u00f3n: 2 a\u00f1os.<\/h3>\n<p>Es aquella persona que proporciona, instala, mantiene, repara o controla recursos o medios materiales que se estimen necesarios para precaver el buen funcionamiento de una instalaci\u00f3n, evitando que \u00e9sta falle, se frustre o sea violentada. La autorizaci\u00f3n otorgada, lo acredita para desarrollar su actividad por un per\u00edodo de dos a\u00f1os renovable.<\/p>\n<p><strong>Requisitos: <\/strong><\/p>\n<ol>\n<li>Idoneidad C\u00edvica, Moral y Profesional. Demostraci\u00f3n: Para acreditar los requisitos se\u00f1alados se debe presentar una solicitud indicando los motivos que justifican la petici\u00f3n, debiendo adjuntar los siguientes antecedentes (Art. 6\u00b0 D.S.93): 1.- Idoneidad C\u00edvica: &#8211; Certificado de Antecedentes para fines especiales.<\/li>\n<li>Idoneidad Moral : &#8211; Certificado de Antecedentes Comerciales.<\/li>\n<li>Idoneidad Profesional: &#8211; Acreditar t\u00edtulo profesional o t\u00e9cnico en la materia.<\/li>\n<li>Otros: &#8211; Copia C\u00e9dula de Identidad por ambas caras. &#8211; Curriculum Vitae con fotograf\u00eda. &#8211; Copia de la declaraci\u00f3n de inicio de actividades ante el materias inherentes a Seguridad y Vigilancia Privada, cuando act\u00fae a t\u00edtulo personal.<\/div><\/div><\/li>\n<\/ol>\n<\/div><\/div><div id=\"panel-gb173-69dff3b015d24-0-0-6\" class=\"so-panel widget widget_black-studio-tinymce widget_black_studio_tinymce\" data-index=\"6\" ><div class=\"textwidget\"><p><div class=\"su-spoiler su-spoiler-style-simple su-spoiler-icon-arrow su-spoiler-closed\" data-scroll-offset=\"0\" data-anchor-in-url=\"no\"><div class=\"su-spoiler-title\" tabindex=\"0\" role=\"button\"><span class=\"su-spoiler-icon\"><\/span>VIGILANTE PRIVADO. (Normas Legales: Art 1 D.L. 3.607, Art. 1 D.S. 1.773) Vigencia Acreditaci\u00f3n; 2 a\u00f1os.<\/div><div class=\"su-spoiler-content su-u-clearfix su-u-trim\"><\/p>\n<p>Son personas naturales que tienen como \u00fanico objeto la protecci\u00f3n y seguridad interior de edificios destinados a la habitaci\u00f3n, oficinas o a otra finalidad; de conjuntos habitacionales; de recintos, locales, plantas u otros establecimientos de empresas, cualquiera que sea su naturaleza, tales como industrias, comercio, establecimientos mineros, y en general, la protecci\u00f3n y seguridad de los bienes y personas que haya en dichos lugares, y excepcionalmente, en el \u00e1rea en que se desempe\u00f1an las empresas de transporte de valores. Para el funcionamiento de los Vigilantes Privados, las empresas constituir\u00e1n, para esta sola finalidad, Oficinas de Seguridad.<\/p>\n<p><strong>Requisitos para la Contrataci\u00f3n (Art. 11 D.S. N\u00b0 1.773):<\/strong><\/p>\n<p style=\"padding-left: 40px;\">A) Ser chileno.<\/p>\n<p style=\"padding-left: 40px;\">B) Tener 21 a\u00f1os, a lo menos.<\/p>\n<p style=\"padding-left: 40px;\">C) Tener, a lo menos 8\u00b0 a\u00f1o de educaci\u00f3n b\u00e1sica rendido y aprobado.<\/p>\n<p style=\"padding-left: 40px;\">D) Haber cumplido en forma efectiva con el servicio militar o ser funcionario en retiro de las Fuerzas Armadas, de Carabineros de Chile, de la Polic\u00eda de Investigaciones o de Gendarmer\u00eda. En casos calificados, la Autoridad Fiscalizadora respectiva podr\u00e1 exceptuar el cumplimiento de este requisito, en especial trat\u00e1ndose de postulantes del sexo femenino.<\/p>\n<p style=\"padding-left: 40px;\">E) No haber sido condenado por crimen o simple delito.<\/p>\n<p style=\"padding-left: 40px;\">F) Tener salud y condiciones f\u00edsicas y ps\u00edquicas compatibles con la funci\u00f3n que se va a desempe\u00f1ar, especialmente en lo relativo a la aptitud para portar armas de fuego, las que deber\u00e1n ser comprobadas mediante certificado m\u00e9dico y psicol\u00f3gico, respectivamente.<\/p>\n<p><strong>Demostraci\u00f3n: <\/strong><\/p>\n<ol>\n<li>Idoneidad C\u00edvica: &#8211; Copia C\u00e9dula de Identidad por ambas caras &#8211; Certificado de Antecedentes para fines especiales. &#8211; Certificado de Situaci\u00f3n Militar al d\u00eda, o certificado de ser funcionario en retiro de las Fuerzas Armadas, de Carabineros de Chile, de la Polic\u00eda de Investigaciones o Gendarmer\u00eda.<\/li>\n<li>Idoneidad Moral : &#8211; Certificado de Antecedentes Comerciales.<\/li>\n<li>Idoneidad Profesional: &#8211; Copia certificado de 8\u00b0 a\u00f1o de educaci\u00f3n b\u00e1sica aprobado. &#8211; Certificado m\u00e9dico, con aclaratoria de firma del profesional que lo extiende. &#8211; Certificado psicol\u00f3gico, con aclaratoria de firma del profesional que lo extiende.<\/div><\/div><\/li>\n<\/ol>\n<\/div><\/div><div id=\"panel-gb173-69dff3b015d24-0-0-7\" class=\"so-panel widget widget_black-studio-tinymce widget_black_studio_tinymce panel-last-child\" data-index=\"7\" ><div class=\"textwidget\"><p><div class=\"su-spoiler su-spoiler-style-simple su-spoiler-icon-arrow su-spoiler-closed\" data-scroll-offset=\"0\" data-anchor-in-url=\"no\"><div class=\"su-spoiler-title\" tabindex=\"0\" role=\"button\"><span class=\"su-spoiler-icon\"><\/span>GUARDIA DE SEGURIDAD, PORTERO, NOCHERO, ROND\u00cdN (Normas Legales: Art. 8, 12, 13 y 15 D.S. 93).<\/div><div class=\"su-spoiler-content su-u-clearfix su-u-trim\"><\/p>\n<h3>Vigencia Acreditaci\u00f3n: 3 a\u00f1os.<\/h3>\n<p>Considerase como Guardias de Seguridad, nocheros, porteros, rondines u otros de similar car\u00e1cter para los efectos del D.S. 93, quienes sin tener la calidad de Vigilantes Privados, brinden personalmente seguridad o protecci\u00f3n a bienes o personas, en general. Los Guardias de Seguridad desempe\u00f1ar\u00e1n sus funciones dentro del recinto de cada empresa, industria, edificio o conjunto habitacional o comercial, establecimiento o faena<\/p>\n<p><strong>Requisitos para la Contrataci\u00f3n ( Art. 8 D.S. 93):<\/strong><\/p>\n<p style=\"padding-left: 40px;\">\u00a0A) Ser chileno.<\/p>\n<p style=\"padding-left: 40px;\">B) Tener 18 a\u00f1os cumplidos.<\/p>\n<p style=\"padding-left: 40px;\">C) Tener, a lo menos 8\u00b0 a\u00f1o de educaci\u00f3n b\u00e1sica aprobado.<\/p>\n<p style=\"padding-left: 40px;\">D) No haber sido condenado por crimen o simple delito.<\/p>\n<p style=\"padding-left: 40px;\">E) Tener salud y condiciones f\u00edsicas compatibles con la funci\u00f3n que van a desempe\u00f1ar, las que ser\u00e1n comprobadas mediante certificado m\u00e9dico.<\/p>\n<p><strong>Demostraci\u00f3n: <\/strong><\/p>\n<ol>\n<li>Idoneidad C\u00edvica: &#8211; Copia c\u00e9dula de identidad por ambas caras. &#8211; Certificado de Antecedentes para fines especiales.<\/li>\n<li>Idoneidad Moral: &#8211; Certificado de Antecedentes Comerciales.<\/li>\n<li>Idoneidad Profesional: &#8211; Copia Certificado 8\u00b0 A\u00f1o de educaci\u00f3n b\u00e1sica aprobado. &#8211; Certificado M\u00e9dico, con aclaratoria de firma del profesional que lo extiende. Contrataci\u00f3n (inc. 2\u00b0 Art. 8 D.S.93): Las personas autorizadas para desarrollar prestaci\u00f3n de servicios en Recursos Humanos s\u00f3lo podr\u00e1n contratar a aquellas personas que cumplan con los requisitos indicados.<\/div><\/div><\/li>\n<\/ol>\n<\/div><\/div><\/div><\/div><\/div>","protected":false},"excerpt":{"rendered":"<p>Diplomado en Seguridad Privada Integral Orientaci\u00f3n al egresado (Perfil de egreso) Aquellos alumnos que egresen de este programa, deber\u00e1n concurrir personalmente a la Autoridad Fiscalizadora y presentar la documentaci\u00f3n respectiva, [&hellip;]<\/p>\n","protected":false},"author":1,"featured_media":0,"parent":0,"menu_order":0,"comment_status":"closed","ping_status":"closed","template":"","meta":{"_acf_changed":false,"footnotes":""},"class_list":["post-173","page","type-page","status-publish","hentry"],"acf":[],"yoast_head":"<!-- This site is optimized with the Yoast SEO plugin v25.4 - https:\/\/yoast.com\/wordpress\/plugins\/seo\/ -->\n<title>Perfil del Egresado - Camcap Segpri Diplomado de Seguridad Privada<\/title>\n<meta name=\"robots\" content=\"index, follow, max-snippet:-1, max-image-preview:large, max-video-preview:-1\" \/>\n<link rel=\"canonical\" href=\"https:\/\/camcap.cl\/segpri\/perfil-del-egresado\/\" \/>\n<meta property=\"og:locale\" content=\"es_ES\" \/>\n<meta property=\"og:type\" content=\"article\" \/>\n<meta property=\"og:title\" content=\"Perfil del Egresado - Camcap Segpri Diplomado de Seguridad Privada\" \/>\n<meta property=\"og:description\" content=\"Diplomado en Seguridad Privada Integral Orientaci\u00f3n al egresado (Perfil de egreso) Aquellos alumnos que egresen de este programa, deber\u00e1n concurrir personalmente a la Autoridad Fiscalizadora y presentar la documentaci\u00f3n respectiva, [&hellip;]\" \/>\n<meta property=\"og:url\" content=\"https:\/\/camcap.cl\/segpri\/perfil-del-egresado\/\" \/>\n<meta property=\"og:site_name\" content=\"Camcap Segpri Diplomado de Seguridad Privada\" \/>\n<meta property=\"article:modified_time\" content=\"2023-02-03T21:04:04+00:00\" \/>\n<meta name=\"twitter:card\" content=\"summary_large_image\" \/>\n<meta name=\"twitter:label1\" content=\"Tiempo de lectura\" \/>\n\t<meta name=\"twitter:data1\" content=\"8 minutos\" \/>\n<script type=\"application\/ld+json\" class=\"yoast-schema-graph\">{\"@context\":\"https:\/\/schema.org\",\"@graph\":[{\"@type\":\"WebPage\",\"@id\":\"https:\/\/camcap.cl\/segpri\/perfil-del-egresado\/\",\"url\":\"https:\/\/camcap.cl\/segpri\/perfil-del-egresado\/\",\"name\":\"Perfil del Egresado - Camcap Segpri Diplomado de Seguridad Privada\",\"isPartOf\":{\"@id\":\"https:\/\/camcap.cl\/segpri\/#website\"},\"datePublished\":\"2023-02-03T21:03:11+00:00\",\"dateModified\":\"2023-02-03T21:04:04+00:00\",\"breadcrumb\":{\"@id\":\"https:\/\/camcap.cl\/segpri\/perfil-del-egresado\/#breadcrumb\"},\"inLanguage\":\"es\",\"potentialAction\":[{\"@type\":\"ReadAction\",\"target\":[\"https:\/\/camcap.cl\/segpri\/perfil-del-egresado\/\"]}]},{\"@type\":\"BreadcrumbList\",\"@id\":\"https:\/\/camcap.cl\/segpri\/perfil-del-egresado\/#breadcrumb\",\"itemListElement\":[{\"@type\":\"ListItem\",\"position\":1,\"name\":\"Home\",\"item\":\"https:\/\/camcap.cl\/segpri\/\"},{\"@type\":\"ListItem\",\"position\":2,\"name\":\"Perfil del Egresado\"}]},{\"@type\":\"WebSite\",\"@id\":\"https:\/\/camcap.cl\/segpri\/#website\",\"url\":\"https:\/\/camcap.cl\/segpri\/\",\"name\":\"Camcap Segpri Diplomado de Seguridad Privada\",\"description\":\"Ofrecemos Diplomado de Seguridad Privada con Doble Certificaci\u00f3n\",\"potentialAction\":[{\"@type\":\"SearchAction\",\"target\":{\"@type\":\"EntryPoint\",\"urlTemplate\":\"https:\/\/camcap.cl\/segpri\/?s={search_term_string}\"},\"query-input\":{\"@type\":\"PropertyValueSpecification\",\"valueRequired\":true,\"valueName\":\"search_term_string\"}}],\"inLanguage\":\"es\"}]}<\/script>\n<!-- \/ Yoast SEO plugin. -->","yoast_head_json":{"title":"Perfil del Egresado - Camcap Segpri Diplomado de Seguridad Privada","robots":{"index":"index","follow":"follow","max-snippet":"max-snippet:-1","max-image-preview":"max-image-preview:large","max-video-preview":"max-video-preview:-1"},"canonical":"https:\/\/camcap.cl\/segpri\/perfil-del-egresado\/","og_locale":"es_ES","og_type":"article","og_title":"Perfil del Egresado - Camcap Segpri Diplomado de Seguridad Privada","og_description":"Diplomado en Seguridad Privada Integral Orientaci\u00f3n al egresado (Perfil de egreso) Aquellos alumnos que egresen de este programa, deber\u00e1n concurrir personalmente a la Autoridad Fiscalizadora y presentar la documentaci\u00f3n respectiva, [&hellip;]","og_url":"https:\/\/camcap.cl\/segpri\/perfil-del-egresado\/","og_site_name":"Camcap Segpri Diplomado de Seguridad Privada","article_modified_time":"2023-02-03T21:04:04+00:00","twitter_card":"summary_large_image","twitter_misc":{"Tiempo de lectura":"8 minutos"},"schema":{"@context":"https:\/\/schema.org","@graph":[{"@type":"WebPage","@id":"https:\/\/camcap.cl\/segpri\/perfil-del-egresado\/","url":"https:\/\/camcap.cl\/segpri\/perfil-del-egresado\/","name":"Perfil del Egresado - Camcap Segpri Diplomado de Seguridad Privada","isPartOf":{"@id":"https:\/\/camcap.cl\/segpri\/#website"},"datePublished":"2023-02-03T21:03:11+00:00","dateModified":"2023-02-03T21:04:04+00:00","breadcrumb":{"@id":"https:\/\/camcap.cl\/segpri\/perfil-del-egresado\/#breadcrumb"},"inLanguage":"es","potentialAction":[{"@type":"ReadAction","target":["https:\/\/camcap.cl\/segpri\/perfil-del-egresado\/"]}]},{"@type":"BreadcrumbList","@id":"https:\/\/camcap.cl\/segpri\/perfil-del-egresado\/#breadcrumb","itemListElement":[{"@type":"ListItem","position":1,"name":"Home","item":"https:\/\/camcap.cl\/segpri\/"},{"@type":"ListItem","position":2,"name":"Perfil del Egresado"}]},{"@type":"WebSite","@id":"https:\/\/camcap.cl\/segpri\/#website","url":"https:\/\/camcap.cl\/segpri\/","name":"Camcap Segpri Diplomado de Seguridad Privada","description":"Ofrecemos Diplomado de Seguridad Privada con Doble Certificaci\u00f3n","potentialAction":[{"@type":"SearchAction","target":{"@type":"EntryPoint","urlTemplate":"https:\/\/camcap.cl\/segpri\/?s={search_term_string}"},"query-input":{"@type":"PropertyValueSpecification","valueRequired":true,"valueName":"search_term_string"}}],"inLanguage":"es"}]}},"_links":{"self":[{"href":"https:\/\/camcap.cl\/segpri\/wp-json\/wp\/v2\/pages\/173","targetHints":{"allow":["GET"]}}],"collection":[{"href":"https:\/\/camcap.cl\/segpri\/wp-json\/wp\/v2\/pages"}],"about":[{"href":"https:\/\/camcap.cl\/segpri\/wp-json\/wp\/v2\/types\/page"}],"author":[{"embeddable":true,"href":"https:\/\/camcap.cl\/segpri\/wp-json\/wp\/v2\/users\/1"}],"replies":[{"embeddable":true,"href":"https:\/\/camcap.cl\/segpri\/wp-json\/wp\/v2\/comments?post=173"}],"version-history":[{"count":2,"href":"https:\/\/camcap.cl\/segpri\/wp-json\/wp\/v2\/pages\/173\/revisions"}],"predecessor-version":[{"id":175,"href":"https:\/\/camcap.cl\/segpri\/wp-json\/wp\/v2\/pages\/173\/revisions\/175"}],"wp:attachment":[{"href":"https:\/\/camcap.cl\/segpri\/wp-json\/wp\/v2\/media?parent=173"}],"curies":[{"name":"wp","href":"https:\/\/api.w.org\/{rel}","templated":true}]}}